{"id":2379,"date":"2021-11-14T13:37:02","date_gmt":"2021-11-14T12:37:02","guid":{"rendered":"https:\/\/www.lyonexpo.fr\/en\/?page_id=2379"},"modified":"2025-11-16T13:27:59","modified_gmt":"2025-11-16T12:27:59","slug":"votre-standiste-local-a-lyon","status":"publish","type":"page","link":"https:\/\/www.lyonexpo.fr\/en\/","title":{"rendered":"Your Local Stand builder in Lyon"},"content":{"rendered":"<div class=\"wpb-content-wrapper\"><p>[vc_row full_width=&#8221;stretch_row_content&#8221; full_height=&#8221;yes&#8221; content_placement=&#8221;middle&#8221; fullwidth=&#8221;1&#8243; nospacing=&#8221;1&#8243; css=&#8221;.vc_custom_1636893624789{margin-bottom: -11px !important;border-bottom-width: 0px !important;padding-bottom: 0px !important;background-image: url(https:\/\/www.lyonexpo.fr\/wp-content\/uploads\/2020\/09\/lyon-france-sur-la-carte-cxfmp2.jpg?id=1911) !important;background-position: center !important;background-repeat: no-repeat !important;background-size: cover !important;}&#8221;][vc_column width=&#8221;1\/2&#8243; css=&#8221;.vc_custom_1526656283938{margin-bottom: 0px !important;border-bottom-width: 0px !important;padding-bottom: 0px !important;}&#8221;][vc_empty_space][vc_column_text css_animation=&#8221;fadeIn&#8221;]<\/p>\n<h1 style=\"text-align: center;\"><span style=\"color: #ffffff; font-family: arial, helvetica, sans-serif; font-size: 48pt;\"><strong>Your Local Exhibition Stand Builder in Lyon<\/strong><br \/>\n<\/span><\/h1>\n<h3 style=\"text-align: center;\"><span style=\"font-family: arial, helvetica, sans-serif; font-size: 24pt; color: #ffffff;\">Let\u2019s create something awesome together<\/span><\/h3>\n<p>[\/vc_column_text][vc_empty_space height=&#8221;64px&#8221;][vc_empty_space][\/vc_column][vc_column width=&#8221;1\/2&#8243;][vc_single_image image=&#8221;2386&#8243; img_size=&#8221;large&#8221; alignment=&#8221;center&#8221; css_animation=&#8221;zoomIn&#8221;][\/vc_column][\/vc_row][vc_row full_width=&#8221;stretch_row&#8221; equal_height=&#8221;yes&#8221; content_placement=&#8221;middle&#8221; fullwidth=&#8221;1&#8243; nospacing=&#8221;1&#8243; css=&#8221;.vc_custom_1601051399359{background-color: #ba2c23 !important;background-position: center !important;background-repeat: no-repeat !important;background-size: cover !important;}&#8221;][vc_column css=&#8221;.vc_custom_1526656283938{margin-bottom: 0px !important;border-bottom-width: 0px !important;padding-bottom: 0px !important;}&#8221;][vc_empty_space height=&#8221;16px&#8221;][vc_column_text]<\/p>\n<h3 style=\"text-align: center;\"><span style=\"font-family: arial, helvetica, sans-serif; font-size: 24pt; color: #ffffff;\">We create your semi-custom stand in Lyon<br \/>\nstarting at \u20ac395\/m2 all inclusive<\/span><\/h3>\n<p>[\/vc_column_text][vc_empty_space height=&#8221;16px&#8221;][\/vc_column][\/vc_row][vc_row full_width=&#8221;stretch_row&#8221; equal_height=&#8221;yes&#8221; content_placement=&#8221;middle&#8221; fullwidth=&#8221;1&#8243; css=&#8221;.vc_custom_1637679015076{margin-top: 0px !important;border-top-width: 0px !important;padding-top: 0px !important;background-color: #e9f7fe !important;}&#8221;][vc_column][vc_row_inner equal_height=&#8221;yes&#8221; content_placement=&#8221;middle&#8221;][vc_column_inner width=&#8221;1\/2&#8243;][vc_single_image image=&#8221;3443&#8243; img_size=&#8221;medium&#8221; alignment=&#8221;center&#8221; onclick=&#8221;custom_link&#8221; css_animation=&#8221;fadeIn&#8221; css=&#8221;&#8221; link=&#8221;http:\/\/www.lyonexpo.fr\/solutions-stand-equipe-a-lyon-euro-950\/&#8221;][vc_column_text css=&#8221;.vc_custom_1762697001736{margin-bottom: 0px !important;border-bottom-width: 0px !important;padding-bottom: 0px !important;}&#8221;]<\/p>\n<h2 style=\"text-align: center;\"><span style=\"font-size: 24pt;\"><span style=\"color: #000000;\">Rent-A-Stand solutions<br \/>\n<\/span><\/span><span style=\"font-size: 24pt;\"><span style=\"color: #000000;\">Starting at <\/span><span style=\"color: #ba2c23;\"><strong>\u20ac1.497\u00a0<\/strong><\/span><\/span><\/h2>\n<p>[\/vc_column_text][vc_empty_space][vc_btn title=&#8221;read more&#8221; style=&#8221;outline&#8221; color=&#8221;danger&#8221; size=&#8221;lg&#8221; align=&#8221;center&#8221; css_animation=&#8221;fadeIn&#8221; css=&#8221;&#8221; link=&#8221;url:https%3A%2F%2Fwww.lyonexpo.fr%2Fen%2Frent-a-stand-in-lyon%2F|title:Rent-A-Satnd%20solutions&#8221;][vc_empty_space][\/vc_column_inner][vc_column_inner width=&#8221;1\/2&#8243;][vc_single_image image=&#8221;4111&#8243; img_size=&#8221;medium&#8221; alignment=&#8221;center&#8221; onclick=&#8221;custom_link&#8221; css_animation=&#8221;fadeIn&#8221; css=&#8221;&#8221; link=&#8221;https:\/\/www.lyonexpo.fr\/en\/stand-sur-mesure-lyon-euro-395-m2-tout-compris\/&#8221;][vc_column_text css=&#8221;.vc_custom_1636895838220{margin-bottom: 0px !important;border-bottom-width: 0px !important;padding-bottom: 0px !important;}&#8221;]<\/p>\n<h2 style=\"text-align: center;\"><span style=\"font-size: 24pt;\"><span style=\"color: #000000;\">Custom Exhibition Stands<br \/>\n<\/span><span style=\"color: #000000;\">Turn-key and all inclusive<\/span><\/span><\/h2>\n<p>[\/vc_column_text][vc_empty_space][vc_btn title=&#8221;read more&#8221; style=&#8221;outline&#8221; color=&#8221;danger&#8221; size=&#8221;lg&#8221; align=&#8221;center&#8221; css_animation=&#8221;fadeIn&#8221; css=&#8221;&#8221; link=&#8221;url:https%3A%2F%2Fwww.lyonexpo.fr%2Fen%2Fstand-sur-mesure-lyon-euro-395-m2-tout-compris%2F|title:Stand%20sur%20mesure&#8221;][vc_empty_space][\/vc_column_inner][\/vc_row_inner][\/vc_column][\/vc_row][vc_row equal_height=&#8221;yes&#8221;][vc_column width=&#8221;1\/2&#8243;][vc_empty_space][vc_column_text]<\/p>\n<p style=\"text-align: justify;\">We\u00a0provide a full service exhibition stand design, construction and assembly of stands in a way that you don\u2019t have to worry about a thing. Are you planning to attend an exhibition and you still haven\u2019t settled on an idea? Or are you in need of advice on the design of your stand?\u00a0<a href=\"https:\/\/www.lyonexpo.fr\/en\/contact\/\">Contact us<\/a> and we will develop a bespoke project for you.<\/p>\n<p style=\"text-align: justify;\">We specialise in small to medium size stands but are capable of building bigger as well. We aim at filling the gap between shell-scheme and full custom build without falling back to a modular system. \u00a0So if you are planning to exhibit in Lyon, contact us for a bespoke solution. \u00a0<strong>We can help!<\/strong><\/p>\n<p>[\/vc_column_text][vc_empty_space][\/vc_column][vc_column width=&#8221;1\/2&#8243;][vc_empty_space]<div class=\"cqlist-container \" data-isclickable=\"yes\" data-clickedicon=\"\" style=\"width:;\"><div class=\"cqlist \"><h3 style=\"color:#ffffff;background-color:#ba2c23;\">What is included?<\/h3><ul><li><a href=\"#\" class=\"todolist-btn\" data-icon=\"entypo-icon entypo-icon-check\"> <i class=\"cq-todolist-icon entypo-icon entypo-icon-check\" style=\"color:#1faf59;\"><\/i> <\/a><span class=\"todolist-content\">Full Design and re-design where required<\/span><\/li><li><a href=\"#\" class=\"todolist-btn\" data-icon=\"entypo-icon entypo-icon-check\"> <i class=\"cq-todolist-icon entypo-icon entypo-icon-check\" style=\"color:#1faf59;\"><\/i> <\/a><span class=\"todolist-content\">Hire of all structural elements<\/span><\/li><li><a href=\"#\" class=\"todolist-btn\" data-icon=\"entypo-icon entypo-icon-check\"> <i class=\"cq-todolist-icon entypo-icon entypo-icon-check\" style=\"color:#1faf59;\"><\/i> <\/a><span class=\"todolist-content\">Full Colour Graphics on all visible walls<\/span><\/li><li><a href=\"#\" class=\"todolist-btn\" data-icon=\"entypo-icon entypo-icon-check\"> <i class=\"cq-todolist-icon entypo-icon entypo-icon-check\" style=\"color:#1faf59;\"><\/i> <\/a><span class=\"todolist-content\">Choice of carpet colour<\/span><\/li><li><a href=\"#\" class=\"todolist-btn\" data-icon=\"entypo-icon entypo-icon-check\"> <i class=\"cq-todolist-icon entypo-icon entypo-icon-check\" style=\"color:#1faf59;\"><\/i> <\/a><span class=\"todolist-content\">Full Furniture Package incl. Fridge<\/span><\/li><li><a href=\"#\" class=\"todolist-btn\" data-icon=\"entypo-icon entypo-icon-check\"> <i class=\"cq-todolist-icon entypo-icon entypo-icon-check\" style=\"color:#1faf59;\"><\/i> <\/a><span class=\"todolist-content\">TV Screens up to 65 inch with USB\/HDMI<\/span><\/li><li><a href=\"#\" class=\"todolist-btn\" data-icon=\"entypo-icon entypo-icon-check\"> <i class=\"cq-todolist-icon entypo-icon entypo-icon-check\" style=\"color:#1faf59;\"><\/i> <\/a><span class=\"todolist-content\">Lighting and Power Outlets<\/span><\/li><li><a href=\"#\" class=\"todolist-btn\" data-icon=\"entypo-icon entypo-icon-check\"> <i class=\"cq-todolist-icon entypo-icon entypo-icon-check\" style=\"color:#1faf59;\"><\/i> <\/a><span class=\"todolist-content\">Transport, Installation and Removal<\/span><\/li><li><a href=\"#\" class=\"todolist-btn\" data-icon=\"entypo-icon entypo-icon-check\"> <i class=\"cq-todolist-icon entypo-icon entypo-icon-check\" style=\"color:#1faf59;\"><\/i> <\/a><span class=\"todolist-content\">Full Project Management<\/span><\/li><\/ul><\/div><\/div>[\/vc_column][vc_column][\/vc_column][\/vc_row][vc_row full_width=&#8221;stretch_row&#8221; equal_height=&#8221;yes&#8221; fullwidth=&#8221;1&#8243; css=&#8221;.vc_custom_1637679028072{background-color: #d7e1eb !important;}&#8221;][vc_column width=&#8221;1\/2&#8243;][vc_single_image image=&#8221;2020&#8243; img_size=&#8221;medium&#8221; alignment=&#8221;center&#8221;][vc_column_text]<\/p>\n<h3 style=\"text-align: center;\">Your local stand builder in Lyon<\/h3>\n<p>[\/vc_column_text][vc_empty_space][\/vc_column][vc_column width=&#8221;1\/2&#8243;][vc_single_image image=&#8221;1064&#8243; img_size=&#8221;medium&#8221; alignment=&#8221;center&#8221; onclick=&#8221;custom_link&#8221; img_link_target=&#8221;_blank&#8221; link=&#8221;https:\/\/www.cannesexpo.com&#8221;][vc_column_text]<\/p>\n<h3 style=\"text-align: center;\">Your local stand builder in Cannes &#038; Monaco<\/h3>\n<p>[\/vc_column_text][vc_empty_space][\/vc_column][\/vc_row][vc_row equal_height=&#8221;yes&#8221;][vc_column width=&#8221;1\/2&#8243;][vc_column_text]<\/p>\n<h2 style=\"text-align: center;\">Full Service Solution<\/h2>\n<p>[\/vc_column_text][vc_empty_space][vc_column_text]<\/p>\n<p style=\"text-align: justify;\">LyonExpo knows how important trade fairs can be. We are aware that an exhibition presence introduces your company to current and potential customers! We understand that this means there is no room for improvisation, and nothing can go wrong. Our commitment to our work goes beyond delivering the stand.<\/p>\n<p style=\"text-align: justify;\">We will be available throughout the event to help out and solve any problems or needs which may arise. During the design phase we will provide you with a 3D rendering to preview the project and follow its development. This will enable you to take part in the design process before we finalise your stand.<\/p>\n<p>[\/vc_column_text][vc_empty_space][\/vc_column][vc_column width=&#8221;1\/2&#8243;][vc_empty_space][vc_single_image image=&#8221;4113&#8243; img_size=&#8221;full&#8221; alignment=&#8221;center&#8221; css=&#8221;&#8221;][\/vc_column][\/vc_row][vc_row full_width=&#8221;stretch_row_content_no_spaces&#8221; fullwidth=&#8221;1&#8243; css=&#8221;.vc_custom_1601106614139{background-color: #1d3b5b !important;}&#8221;][vc_column][vc_empty_space][vc_row_inner][vc_column_inner][vc_column_text]<\/p>\n<p style=\"text-align: center;\"><span style=\"font-size: 24pt;\"><span style=\"font-family: arial, helvetica, sans-serif; color: #ffffff;\">We create affordable solutions for semi-custom build stands.<br \/>\n<strong>Let\u2019s make something awesome together!!<\/strong><\/span><\/span><\/p>\n<p>[\/vc_column_text][\/vc_column_inner][\/vc_row_inner][vc_empty_space][\/vc_column][\/vc_row][vc_row full_width=&#8221;stretch_row&#8221; equal_height=&#8221;yes&#8221; fullwidth=&#8221;1&#8243; css=&#8221;.vc_custom_1637679045516{background-color: #e9f7fe !important;}&#8221;][vc_column][vc_row_inner][vc_column_inner][vc_column_text]<\/p>\n<h2>They gave us their trust<\/h2>\n<p>[\/vc_column_text][vc_empty_space]<style type=\"text\/css\" data-type=\"the7_shortcodes-inline-css\">.carousel-shortcode.carousel-shortcode-id-a5a00b275a12606462516045e79a82d6.owl-carousel .owl-nav div {\n  width: 36px;\n  height: 36px;\n  border-radius: 500px;\n}\n.dt-arrow-border-on.carousel-shortcode.carousel-shortcode-id-a5a00b275a12606462516045e79a82d6.owl-carousel .owl-nav div:not(:hover):before {\n  border-width: 0px;\n}\n.dt-arrow-hover-border-on.carousel-shortcode.carousel-shortcode-id-a5a00b275a12606462516045e79a82d6.owl-carousel .owl-nav div:hover:after {\n  border-width: 0px;\n}\n.carousel-shortcode.carousel-shortcode-id-a5a00b275a12606462516045e79a82d6.owl-carousel .owl-nav div.owl-prev {\n  top: 50%;\n  transform: translateY(calc(-50% + 0px));\n  left: -43px;\n}\n@media all and (-ms-high-contrast: none) {\n  .carousel-shortcode.carousel-shortcode-id-a5a00b275a12606462516045e79a82d6.owl-carousel .owl-nav div.owl-prev {\n    transform: translateY(-50%);\n    margin-top: 0px;\n  }\n}\n.carousel-shortcode.carousel-shortcode-id-a5a00b275a12606462516045e79a82d6.owl-carousel .owl-nav div.owl-prev i {\n  padding: 0px 0px 0px 0px;\n}\n.carousel-shortcode.carousel-shortcode-id-a5a00b275a12606462516045e79a82d6.owl-carousel .owl-nav div.owl-next {\n  top: 50%;\n  transform: translateY(calc(-50% + 0px));\n  right: -43px;\n}\n@media all and (-ms-high-contrast: none) {\n  .carousel-shortcode.carousel-shortcode-id-a5a00b275a12606462516045e79a82d6.owl-carousel .owl-nav div.owl-next {\n    transform: translateY(-50%);\n    margin-top: 0px;\n  }\n}\n.carousel-shortcode.carousel-shortcode-id-a5a00b275a12606462516045e79a82d6.owl-carousel .owl-nav div.owl-next i {\n  padding: 0px 0px 0px 0px;\n}\n.carousel-shortcode.carousel-shortcode-id-a5a00b275a12606462516045e79a82d6.owl-carousel .owl-nav i {\n  font-size: 18px;\n}\n.carousel-shortcode.carousel-shortcode-id-a5a00b275a12606462516045e79a82d6.owl-carousel .owl-nav div:not(:hover) i,\n.carousel-shortcode.carousel-shortcode-id-a5a00b275a12606462516045e79a82d6.owl-carousel .owl-nav div:not(:hover) i:before {\n  color: #ffffff;\n  background: none;\n}\n.carousel-shortcode.carousel-shortcode-id-a5a00b275a12606462516045e79a82d6.owl-carousel .owl-nav div:hover i,\n.carousel-shortcode.carousel-shortcode-id-a5a00b275a12606462516045e79a82d6.owl-carousel .owl-nav div:hover i:before {\n  color: rgba(255,255,255,0.75);\n  background: none;\n}\n.carousel-shortcode.carousel-shortcode-id-a5a00b275a12606462516045e79a82d6 .owl-dots {\n  top: calc(100% + 20px);\n  left: 50%;\n  transform: translateX(calc(-50% + 0px));\n}\n@media all and (-ms-high-contrast: none) {\n  .carousel-shortcode.carousel-shortcode-id-a5a00b275a12606462516045e79a82d6 .owl-dots {\n    transform: translateX(-50%);\n    margin-left: 0px;\n  }\n}\n.carousel-shortcode.carousel-shortcode-id-a5a00b275a12606462516045e79a82d6 .owl-dot {\n  width: 10px;\n  height: 10px;\n  margin: 0 8px;\n}\n@media screen and (max-width: 778px) {\n  .carousel-shortcode.carousel-shortcode-id-a5a00b275a12606462516045e79a82d6.hide-arrows .owl-nav a {\n    display: none;\n  }\n}\n@media screen and (max-width: 778px) {\n  .carousel-shortcode.carousel-shortcode-id-a5a00b275a12606462516045e79a82d6.reposition-arrows .owl-nav div.owl-prev {\n    top: 50%;\n    transform: translateY(calc(-50% + 0px));\n    left: 10px;\n  }\n  .carousel-shortcode.carousel-shortcode-id-a5a00b275a12606462516045e79a82d6.reposition-arrows .owl-nav div.owl-next {\n    top: 50%;\n    transform: translateY(calc(-50% + 0px));\n    right: 10px;\n  }\n}\n@media screen and (max-width: 778px) and all and (-ms-high-contrast: none) {\n  .carousel-shortcode.carousel-shortcode-id-a5a00b275a12606462516045e79a82d6.reposition-arrows .owl-nav div.owl-prev {\n    transform: translateY(-50%);\n    margin-top: 0px;\n  }\n}\n@media screen and (max-width: 778px) and all and (-ms-high-contrast: none) {\n  .carousel-shortcode.carousel-shortcode-id-a5a00b275a12606462516045e79a82d6.reposition-arrows .owl-nav div.owl-next {\n    transform: translateY(-50%);\n    margin-top: 0px;\n  }\n}<\/style><div class=\"owl-carousel carousel-shortcode dt-owl-carousel-call carousel-shortcode-id-a5a00b275a12606462516045e79a82d6 bullets-small-dot-stroke reposition-arrows arrows-bg-on dt-arrow-border-on dt-arrow-hover-border-on disable-arrows-hover-bg arrows-hover-bg-on  \" data-scroll-mode=\"1\" data-col-num=\"6\" data-wide-col-num=\"6\" data-laptop-col=\"4\" data-h-tablet-columns-num=\"4\" data-v-tablet-columns-num=\"3\" data-phone-columns-num=\"1\" data-auto-height=\"false\" data-col-gap=\"30\" data-stage-padding=\"0\" data-speed=\"400\" data-autoplay=\"true\" data-autoplay_speed=\"1500\" data-arrows=\"true\" data-bullet=\"false\" data-next-icon=\"icon-ar-017-r\" data-prev-icon=\"icon-ar-017-l\">[vc_single_image image=&#8221;4273&#8243; img_size=&#8221;full&#8221; alignment=&#8221;center&#8221; css=&#8221;&#8221; image_hovers=&#8221;false&#8221; lazy_loading=&#8221;true&#8221;][vc_single_image image=&#8221;4268&#8243; img_size=&#8221;full&#8221; alignment=&#8221;center&#8221; css=&#8221;&#8221; image_hovers=&#8221;false&#8221; lazy_loading=&#8221;true&#8221;][vc_single_image image=&#8221;4262&#8243; img_size=&#8221;full&#8221; alignment=&#8221;center&#8221; css=&#8221;&#8221; image_hovers=&#8221;false&#8221; lazy_loading=&#8221;true&#8221;][vc_single_image image=&#8221;4264&#8243; img_size=&#8221;full&#8221; alignment=&#8221;center&#8221; css=&#8221;&#8221; image_hovers=&#8221;false&#8221; lazy_loading=&#8221;true&#8221;][vc_single_image image=&#8221;4265&#8243; img_size=&#8221;full&#8221; alignment=&#8221;center&#8221; css=&#8221;&#8221; image_hovers=&#8221;false&#8221; lazy_loading=&#8221;true&#8221;][vc_single_image image=&#8221;4266&#8243; img_size=&#8221;full&#8221; alignment=&#8221;center&#8221; css=&#8221;&#8221; image_hovers=&#8221;false&#8221; lazy_loading=&#8221;true&#8221;][vc_single_image image=&#8221;4267&#8243; img_size=&#8221;full&#8221; alignment=&#8221;center&#8221; css=&#8221;&#8221; image_hovers=&#8221;false&#8221; lazy_loading=&#8221;true&#8221;][vc_single_image image=&#8221;4269&#8243; img_size=&#8221;full&#8221; alignment=&#8221;center&#8221; css=&#8221;&#8221; image_hovers=&#8221;false&#8221; lazy_loading=&#8221;true&#8221;][vc_single_image image=&#8221;4292&#8243; img_size=&#8221;full&#8221; alignment=&#8221;center&#8221; css=&#8221;&#8221; image_hovers=&#8221;false&#8221; lazy_loading=&#8221;true&#8221;][vc_single_image image=&#8221;4271&#8243; img_size=&#8221;full&#8221; alignment=&#8221;center&#8221; css=&#8221;&#8221; image_hovers=&#8221;false&#8221; lazy_loading=&#8221;true&#8221;][vc_single_image image=&#8221;4287&#8243; img_size=&#8221;full&#8221; alignment=&#8221;center&#8221; css=&#8221;&#8221; image_hovers=&#8221;false&#8221; lazy_loading=&#8221;true&#8221;][vc_single_image image=&#8221;4263&#8243; img_size=&#8221;full&#8221; alignment=&#8221;center&#8221; css=&#8221;&#8221; image_hovers=&#8221;false&#8221; lazy_loading=&#8221;true&#8221;][vc_single_image image=&#8221;4272&#8243; img_size=&#8221;full&#8221; alignment=&#8221;center&#8221; css=&#8221;&#8221; image_hovers=&#8221;false&#8221; lazy_loading=&#8221;true&#8221;][vc_single_image image=&#8221;4275&#8243; img_size=&#8221;full&#8221; alignment=&#8221;center&#8221; css=&#8221;&#8221; image_hovers=&#8221;false&#8221; lazy_loading=&#8221;true&#8221;][vc_single_image image=&#8221;4274&#8243; img_size=&#8221;full&#8221; alignment=&#8221;center&#8221; css=&#8221;&#8221; image_hovers=&#8221;false&#8221; lazy_loading=&#8221;true&#8221;][vc_single_image image=&#8221;4276&#8243; img_size=&#8221;full&#8221; alignment=&#8221;center&#8221; css=&#8221;&#8221; image_hovers=&#8221;false&#8221; lazy_loading=&#8221;true&#8221;][vc_single_image image=&#8221;4277&#8243; img_size=&#8221;full&#8221; alignment=&#8221;center&#8221; css=&#8221;&#8221; image_hovers=&#8221;false&#8221; lazy_loading=&#8221;true&#8221;][vc_single_image image=&#8221;4278&#8243; img_size=&#8221;full&#8221; alignment=&#8221;center&#8221; css=&#8221;&#8221; image_hovers=&#8221;false&#8221; lazy_loading=&#8221;true&#8221;][vc_single_image image=&#8221;4279&#8243; img_size=&#8221;full&#8221; alignment=&#8221;center&#8221; css=&#8221;&#8221; image_hovers=&#8221;false&#8221; lazy_loading=&#8221;true&#8221;][vc_single_image image=&#8221;4280&#8243; img_size=&#8221;full&#8221; alignment=&#8221;center&#8221; css=&#8221;&#8221; image_hovers=&#8221;false&#8221; lazy_loading=&#8221;true&#8221;][vc_single_image image=&#8221;4282&#8243; img_size=&#8221;full&#8221; alignment=&#8221;center&#8221; css=&#8221;&#8221; image_hovers=&#8221;false&#8221; lazy_loading=&#8221;true&#8221;][vc_single_image image=&#8221;4281&#8243; img_size=&#8221;full&#8221; alignment=&#8221;center&#8221; css=&#8221;&#8221; image_hovers=&#8221;false&#8221; lazy_loading=&#8221;true&#8221;][vc_single_image image=&#8221;4283&#8243; img_size=&#8221;full&#8221; alignment=&#8221;center&#8221; css=&#8221;&#8221; image_hovers=&#8221;false&#8221; lazy_loading=&#8221;true&#8221;][vc_single_image image=&#8221;4284&#8243; img_size=&#8221;full&#8221; alignment=&#8221;center&#8221; css=&#8221;&#8221; image_hovers=&#8221;false&#8221; lazy_loading=&#8221;true&#8221;][vc_single_image image=&#8221;4286&#8243; img_size=&#8221;full&#8221; alignment=&#8221;center&#8221; css=&#8221;&#8221; image_hovers=&#8221;false&#8221; lazy_loading=&#8221;true&#8221;]<\/div>[\/vc_column_inner][\/vc_row_inner][vc_empty_space][\/vc_column][\/vc_row][vc_row][vc_column][vc_empty_space][\/vc_column][\/vc_row][vc_row equal_height=&#8221;yes&#8221;][vc_column width=&#8221;1\/2&#8243;][vc_single_image image=&#8221;1951&#8243; img_size=&#8221;full&#8221; alignment=&#8221;center&#8221;][\/vc_column][vc_column width=&#8221;1\/2&#8243;][vc_column_text]<\/p>\n<h2>Your local supplier<\/h2>\n<p>[\/vc_column_text][vc_column_text css=&#8221;&#8221;]<\/p>\n<p style=\"text-align: justify;\">LyonExpo is located just outside Lyon giving us local knowledge of all suppliers and craftsman needed to finish your project on time and to the highest standards. Because our team speaks English, French and Dutch, therefore we can communicate easily with clients, organisers and on-site suppliers. This ensures that everything will be handled smoothly and on time. <strong>LyonExpo for Exhibition Stand Design in Lyon.<\/strong><\/p>\n<p>We also build in the surrounding areas like: Chassieu, Villeurbanne, D\u00e9cines-Charpieu, Villefranche-sur-Sa\u00f4ne, Bourg-en-Bresse, M\u00e2con, Riorges \/ Roanne, Grenoble, Valence, Ch\u00e2teauneuf-sur-Is\u00e8re, Saint-\u00c9tienne, Chamb\u00e9ry and of course we also assist in Geneva, Paris, Marseille, Cannes, Monaco etc.[\/vc_column_text][\/vc_column][\/vc_row][vc_row][vc_column][vc_empty_space][\/vc_column][\/vc_row]<\/p>\n<\/div>","protected":false},"excerpt":{"rendered":"<p>[vc_row full_width=&#8221;stretch_row_content&#8221; full_height=&#8221;yes&#8221; content_placement=&#8221;middle&#8221; fullwidth=&#8221;1&#8243; nospacing=&#8221;1&#8243; css=&#8221;.vc_custom_1636893624789{margin-bottom: -11px !important;border-bottom-width: 0px !important;padding-bottom: 0px !important;background-image: url(https:\/\/www.lyonexpo.fr\/wp-content\/uploads\/2020\/09\/lyon-france-sur-la-carte-cxfmp2.jpg?id=1911) !important;background-position: center !important;background-repeat: no-repeat !important;background-size: cover !important;}&#8221;][vc_column width=&#8221;1\/2&#8243; css=&#8221;.vc_custom_1526656283938{margin-bottom: 0px !important;border-bottom-width: 0px !important;padding-bottom: 0px !important;}&#8221;][vc_empty_space][vc_column_text css_animation=&#8221;fadeIn&#8221;] Your Local Exhibition Stand Builder in Lyon Let\u2019s create something awesome together [\/vc_column_text][vc_empty_space height=&#8221;64px&#8221;][vc_empty_space][\/vc_column][vc_column width=&#8221;1\/2&#8243;][vc_single_image image=&#8221;2386&#8243; img_size=&#8221;large&#8221; alignment=&#8221;center&#8221; css_animation=&#8221;zoomIn&#8221;][\/vc_column][\/vc_row][vc_row full_width=&#8221;stretch_row&#8221; equal_height=&#8221;yes&#8221; content_placement=&#8221;middle&#8221; fullwidth=&#8221;1&#8243; nospacing=&#8221;1&#8243; css=&#8221;.vc_custom_1601051399359{background-color:&hellip;<\/p>\n","protected":false},"author":1,"featured_media":0,"parent":0,"menu_order":0,"comment_status":"closed","ping_status":"closed","template":"","meta":{"footnotes":""},"class_list":["post-2379","page","type-page","status-publish","hentry","description-off"],"_links":{"self":[{"href":"https:\/\/www.lyonexpo.fr\/en\/wp-json\/wp\/v2\/pages\/2379","targetHints":{"allow":["GET"]}}],"collection":[{"href":"https:\/\/www.lyonexpo.fr\/en\/wp-json\/wp\/v2\/pages"}],"about":[{"href":"https:\/\/www.lyonexpo.fr\/en\/wp-json\/wp\/v2\/types\/page"}],"author":[{"embeddable":true,"href":"https:\/\/www.lyonexpo.fr\/en\/wp-json\/wp\/v2\/users\/1"}],"replies":[{"embeddable":true,"href":"https:\/\/www.lyonexpo.fr\/en\/wp-json\/wp\/v2\/comments?post=2379"}],"version-history":[{"count":76,"href":"https:\/\/www.lyonexpo.fr\/en\/wp-json\/wp\/v2\/pages\/2379\/revisions"}],"predecessor-version":[{"id":4300,"href":"https:\/\/www.lyonexpo.fr\/en\/wp-json\/wp\/v2\/pages\/2379\/revisions\/4300"}],"wp:attachment":[{"href":"https:\/\/www.lyonexpo.fr\/en\/wp-json\/wp\/v2\/media?parent=2379"}],"curies":[{"name":"wp","href":"https:\/\/api.w.org\/{rel}","templated":true}]}}